{"id":21432,"date":"2025-10-18T20:28:39","date_gmt":"2025-10-18T20:28:39","guid":{"rendered":"https:\/\/elisium.art\/painting\/fernandogallo\/tablero-con-diagrama-ausente"},"modified":"2025-10-18T20:28:40","modified_gmt":"2025-10-18T20:28:40","slug":"tablero-con-diagrama-ausente","status":"publish","type":"product","link":"https:\/\/stagingelisium.xportsoft-folio.com\/es\/painting\/fernandogallo\/tablero-con-diagrama-ausente","title":{"rendered":"TABLERO CON DIAGRAMA AUSENTE"},"content":{"rendered":"<p>Esta cautivadora pintura al \u00f3leo presenta un fascinante v\u00f3rtice de caos controlado, una obra maestra monocrom\u00e1tica que profundiza en temas espirituales y meditativos. Una densa red de l\u00edneas negras se entrelaza intrincadamente sobre una superficie de tablero duro texturizado y brillante en tonos plateados, creando una extraordinaria sensaci\u00f3n de profundidad y complejidad. La composici\u00f3n evoca una profunda sensaci\u00f3n de meditaci\u00f3n, un mantra visual donde el orden y el desorden coexisten en perfecta armon\u00eda. Es un laberinto espiritual que invita al espectador a recorrer los infinitos caminos que se entrecruzan y a encontrar un momento de quietud contemplativa en medio del sofisticado ruido visual. Realizada con meticulosa precisi\u00f3n, esta obra de arte exhibe una t\u00e9cnica \u00fanica similar al empaste. Cada l\u00ednea, ya sea recta, curva o en espiral formando rosetas, contribuye a un todo mayor y unificado que se siente a la vez el\u00e9ctrico y sereno. La interacci\u00f3n din\u00e1mica entre las l\u00edneas oscuras y en relieve y el fondo luminoso crea un campo visual vibrante que cambia con la luz y la perspectiva. Enmarcada en un marco negro ornamentado, la abstracci\u00f3n moderna se yuxtapone de forma impactante con la elegancia cl\u00e1sica, realzando su poderosa declaraci\u00f3n contempor\u00e1nea. Es un punto focal importante para cualquier coleccionista de arte contempor\u00e1neo \u00fanico y sugerente, que representa la intrincada e interconectada red de la vida.<\/p>\n","protected":false},"excerpt":{"rendered":"<p>Esta cautivadora pintura al \u00f3leo presenta un fascinante v\u00f3rtice de caos controlado, una obra maestra monocrom\u00e1tica que profundiza en temas espirituales y meditativos. Una densa red de l\u00edneas negras se entrelaza intrincadamente sobre una superficie de tablero duro texturizado y brillante en tonos plateados, creando una extraordinaria sensaci\u00f3n de profundidad y complejidad. La composici\u00f3n evoca [&hellip;]<\/p>\n","protected":false},"featured_media":21430,"template":"","meta":{"_acf_changed":false},"product_cat":[1206,1199,563,567,136,68],"product_tag":[2971,2948,2704,4027],"class_list":{"0":"post-21432","1":"product","2":"type-product","3":"status-publish","4":"has-post-thumbnail","6":"product_cat-silver","7":"product_cat-spiritual","8":"product_cat-canvas","9":"product_cat-hardboard","10":"product_cat-fine-art","11":"product_cat-oil","12":"product_tag-abstracto","13":"product_tag-arte-abstracto","14":"product_tag-conceptual","15":"product_tag-mnimalismo","16":"yith_shop_vendor-fernandogallo","18":"first","19":"instock","20":"sold-individually","21":"shipping-taxable","22":"purchasable","23":"product-type-simple","24":"add-to-wishlist-after_add_to_cart"},"acf":[],"yoast_head":"<!-- This site is optimized with the Yoast SEO Premium plugin v25.4 (Yoast SEO v25.4) - https:\/\/yoast.com\/wordpress\/plugins\/seo\/ -->\n<title>TABLERO CON DIAGRAMA AUSENTE Painting | Elisium Art<\/title>\n<meta name=\"description\" content=\"Discover TABLERO CON DIAGRAMA AUSENTE, a captivating painting. Shop now at Elisium Art and bring this unique piece into your collection.\" \/>\n<meta name=\"robots\" content=\"noindex, follow, max-snippet:-1, max-image-preview:large, max-video-preview:-1\" \/>\n<meta property=\"og:locale\" content=\"es_ES\" \/>\n<meta property=\"og:type\" content=\"article\" \/>\n<meta property=\"og:title\" content=\"TABLERO CON DIAGRAMA AUSENTE\" \/>\n<meta property=\"og:description\" content=\"Discover TABLERO CON DIAGRAMA AUSENTE, a captivating painting. Shop now at Elisium Art and bring this unique piece into your collection.\" \/>\n<meta property=\"og:url\" content=\"https:\/\/stagingelisium.xportsoft-folio.com\/es\/painting\/fernandogallo\/tablero-con-diagrama-ausente\" \/>\n<meta property=\"og:site_name\" content=\"Elisium Art\" \/>\n<meta property=\"article:publisher\" content=\"https:\/\/www.facebook.com\/profile.php?id=61569435336671\" \/>\n<meta property=\"article:modified_time\" content=\"2025-10-18T20:28:40+00:00\" \/>\n<meta property=\"og:image\" content=\"https:\/\/stagingelisium.xportsoft-folio.com\/wp-content\/uploads\/2025\/10\/cropped-image-387.jpg\" \/>\n\t<meta property=\"og:image:width\" content=\"1601\" \/>\n\t<meta property=\"og:image:height\" content=\"2000\" \/>\n\t<meta property=\"og:image:type\" content=\"image\/jpeg\" \/>\n<meta name=\"twitter:card\" content=\"summary_large_image\" \/>\n<meta name=\"twitter:label1\" content=\"Precio\" \/>\n\t<meta name=\"twitter:data1\" content=\"&#036;8,460\" \/>\n\t<meta name=\"twitter:label2\" content=\"Disponibilidad\" \/>\n\t<meta name=\"twitter:data2\" content=\"Disponible\" \/>\n<script type=\"application\/ld+json\" class=\"yoast-schema-graph\">{\"@context\":\"https:\/\/schema.org\",\"@graph\":[{\"@type\":\"WebPage\",\"@id\":\"https:\/\/stagingelisium.xportsoft-folio.com\/es\/painting\/fernandogallo\/tablero-con-diagrama-ausente\",\"url\":\"https:\/\/stagingelisium.xportsoft-folio.com\/es\/painting\/fernandogallo\/tablero-con-diagrama-ausente\",\"name\":\"TABLERO CON DIAGRAMA AUSENTE Painting | Elisium Art\",\"isPartOf\":{\"@id\":\"https:\/\/stagingelisium.xportsoft-folio.com\/es#website\"},\"primaryImageOfPage\":{\"@id\":\"https:\/\/stagingelisium.xportsoft-folio.com\/es\/painting\/fernandogallo\/tablero-con-diagrama-ausente#primaryimage\"},\"image\":{\"@id\":\"https:\/\/stagingelisium.xportsoft-folio.com\/es\/painting\/fernandogallo\/tablero-con-diagrama-ausente#primaryimage\"},\"thumbnailUrl\":\"https:\/\/stagingelisium.xportsoft-folio.com\/wp-content\/uploads\/2025\/10\/cropped-image-387.jpg\",\"datePublished\":\"2025-10-18T20:28:39+00:00\",\"dateModified\":\"2025-10-18T20:28:40+00:00\",\"description\":\"Discover TABLERO CON DIAGRAMA AUSENTE, a captivating painting. Shop now at Elisium Art and bring this unique piece into your collection.\",\"breadcrumb\":{\"@id\":\"https:\/\/stagingelisium.xportsoft-folio.com\/es\/painting\/fernandogallo\/tablero-con-diagrama-ausente#breadcrumb\"},\"inLanguage\":\"es\",\"potentialAction\":[{\"@type\":\"ReadAction\",\"target\":[\"https:\/\/stagingelisium.xportsoft-folio.com\/es\/painting\/fernandogallo\/tablero-con-diagrama-ausente\"]}]},{\"@type\":\"ImageObject\",\"inLanguage\":\"es\",\"@id\":\"https:\/\/stagingelisium.xportsoft-folio.com\/es\/painting\/fernandogallo\/tablero-con-diagrama-ausente#primaryimage\",\"url\":\"https:\/\/stagingelisium.xportsoft-folio.com\/wp-content\/uploads\/2025\/10\/cropped-image-387.jpg\",\"contentUrl\":\"https:\/\/stagingelisium.xportsoft-folio.com\/wp-content\/uploads\/2025\/10\/cropped-image-387.jpg\",\"width\":1601,\"height\":2000},{\"@type\":\"BreadcrumbList\",\"@id\":\"https:\/\/stagingelisium.xportsoft-folio.com\/es\/painting\/fernandogallo\/tablero-con-diagrama-ausente#breadcrumb\",\"itemListElement\":[{\"@type\":\"ListItem\",\"position\":1,\"name\":\"Home\",\"item\":\"https:\/\/stagingelisium.xportsoft-folio.com\/es\/\"},{\"@type\":\"ListItem\",\"position\":2,\"name\":\"Paintings\",\"item\":\"https:\/\/stagingelisium.xportsoft-folio.com\/es\/paintings\/\"},{\"@type\":\"ListItem\",\"position\":3,\"name\":\"TABLERO CON DIAGRAMA AUSENTE\"}]},{\"@type\":\"WebSite\",\"@id\":\"https:\/\/stagingelisium.xportsoft-folio.com\/es#website\",\"url\":\"https:\/\/stagingelisium.xportsoft-folio.com\/es\",\"name\":\"Elisium Art\",\"description\":\"\",\"publisher\":{\"@id\":\"https:\/\/stagingelisium.xportsoft-folio.com\/es#organization\"},\"potentialAction\":[{\"@type\":\"SearchAction\",\"target\":{\"@type\":\"EntryPoint\",\"urlTemplate\":\"https:\/\/stagingelisium.xportsoft-folio.com\/es?s={search_term_string}\"},\"query-input\":{\"@type\":\"PropertyValueSpecification\",\"valueRequired\":true,\"valueName\":\"search_term_string\"}}],\"inLanguage\":\"es\"},{\"@type\":\"Organization\",\"@id\":\"https:\/\/stagingelisium.xportsoft-folio.com\/es#organization\",\"name\":\"Elisium Art\",\"url\":\"https:\/\/stagingelisium.xportsoft-folio.com\/es\",\"logo\":{\"@type\":\"ImageObject\",\"inLanguage\":\"es\",\"@id\":\"https:\/\/stagingelisium.xportsoft-folio.com\/es#\/schema\/logo\/image\/\",\"url\":\"https:\/\/elisium.art\/wp-content\/uploads\/2025\/09\/Elisium-Art-Logo-Transparent.png\",\"contentUrl\":\"https:\/\/elisium.art\/wp-content\/uploads\/2025\/09\/Elisium-Art-Logo-Transparent.png\",\"width\":1731,\"height\":1656,\"caption\":\"Elisium Art\"},\"image\":{\"@id\":\"https:\/\/stagingelisium.xportsoft-folio.com\/es#\/schema\/logo\/image\/\"},\"sameAs\":[\"https:\/\/www.facebook.com\/profile.php?id=61569435336671\",\"https:\/\/www.instagram.com\/elisium.art.official\",\"https:\/\/www.youtube.com\/@Elisium.Art.Official\"]}]}<\/script>\n<meta property=\"product:price:amount\" content=\"8460\" \/>\n<meta property=\"product:price:currency\" content=\"USD\" \/>\n<meta property=\"og:availability\" content=\"instock\" \/>\n<meta property=\"product:availability\" content=\"instock\" \/>\n<meta property=\"product:condition\" content=\"new\" \/>\n<!-- \/ Yoast SEO Premium plugin. -->","yoast_head_json":{"title":"TABLERO CON DIAGRAMA AUSENTE Painting | Elisium Art","description":"Discover TABLERO CON DIAGRAMA AUSENTE, a captivating painting. Shop now at Elisium Art and bring this unique piece into your collection.","robots":{"index":"noindex","follow":"follow","max-snippet":"max-snippet:-1","max-image-preview":"max-image-preview:large","max-video-preview":"max-video-preview:-1"},"og_locale":"es_ES","og_type":"article","og_title":"TABLERO CON DIAGRAMA AUSENTE","og_description":"Discover TABLERO CON DIAGRAMA AUSENTE, a captivating painting. Shop now at Elisium Art and bring this unique piece into your collection.","og_url":"https:\/\/stagingelisium.xportsoft-folio.com\/es\/painting\/fernandogallo\/tablero-con-diagrama-ausente","og_site_name":"Elisium Art","article_publisher":"https:\/\/www.facebook.com\/profile.php?id=61569435336671","article_modified_time":"2025-10-18T20:28:40+00:00","og_image":[{"width":1601,"height":2000,"url":"https:\/\/stagingelisium.xportsoft-folio.com\/wp-content\/uploads\/2025\/10\/cropped-image-387.jpg","type":"image\/jpeg"}],"twitter_card":"summary_large_image","twitter_misc":{"Precio":"&#36;8,460","Disponibilidad":"Disponible"},"schema":{"@context":"https:\/\/schema.org","@graph":[{"@type":"WebPage","@id":"https:\/\/stagingelisium.xportsoft-folio.com\/es\/painting\/fernandogallo\/tablero-con-diagrama-ausente","url":"https:\/\/stagingelisium.xportsoft-folio.com\/es\/painting\/fernandogallo\/tablero-con-diagrama-ausente","name":"TABLERO CON DIAGRAMA AUSENTE Painting | Elisium Art","isPartOf":{"@id":"https:\/\/stagingelisium.xportsoft-folio.com\/es#website"},"primaryImageOfPage":{"@id":"https:\/\/stagingelisium.xportsoft-folio.com\/es\/painting\/fernandogallo\/tablero-con-diagrama-ausente#primaryimage"},"image":{"@id":"https:\/\/stagingelisium.xportsoft-folio.com\/es\/painting\/fernandogallo\/tablero-con-diagrama-ausente#primaryimage"},"thumbnailUrl":"https:\/\/stagingelisium.xportsoft-folio.com\/wp-content\/uploads\/2025\/10\/cropped-image-387.jpg","datePublished":"2025-10-18T20:28:39+00:00","dateModified":"2025-10-18T20:28:40+00:00","description":"Discover TABLERO CON DIAGRAMA AUSENTE, a captivating painting. Shop now at Elisium Art and bring this unique piece into your collection.","breadcrumb":{"@id":"https:\/\/stagingelisium.xportsoft-folio.com\/es\/painting\/fernandogallo\/tablero-con-diagrama-ausente#breadcrumb"},"inLanguage":"es","potentialAction":[{"@type":"ReadAction","target":["https:\/\/stagingelisium.xportsoft-folio.com\/es\/painting\/fernandogallo\/tablero-con-diagrama-ausente"]}]},{"@type":"ImageObject","inLanguage":"es","@id":"https:\/\/stagingelisium.xportsoft-folio.com\/es\/painting\/fernandogallo\/tablero-con-diagrama-ausente#primaryimage","url":"https:\/\/stagingelisium.xportsoft-folio.com\/wp-content\/uploads\/2025\/10\/cropped-image-387.jpg","contentUrl":"https:\/\/stagingelisium.xportsoft-folio.com\/wp-content\/uploads\/2025\/10\/cropped-image-387.jpg","width":1601,"height":2000},{"@type":"BreadcrumbList","@id":"https:\/\/stagingelisium.xportsoft-folio.com\/es\/painting\/fernandogallo\/tablero-con-diagrama-ausente#breadcrumb","itemListElement":[{"@type":"ListItem","position":1,"name":"Home","item":"https:\/\/stagingelisium.xportsoft-folio.com\/es\/"},{"@type":"ListItem","position":2,"name":"Paintings","item":"https:\/\/stagingelisium.xportsoft-folio.com\/es\/paintings\/"},{"@type":"ListItem","position":3,"name":"TABLERO CON DIAGRAMA AUSENTE"}]},{"@type":"WebSite","@id":"https:\/\/stagingelisium.xportsoft-folio.com\/es#website","url":"https:\/\/stagingelisium.xportsoft-folio.com\/es","name":"Elisium Art","description":"","publisher":{"@id":"https:\/\/stagingelisium.xportsoft-folio.com\/es#organization"},"potentialAction":[{"@type":"SearchAction","target":{"@type":"EntryPoint","urlTemplate":"https:\/\/stagingelisium.xportsoft-folio.com\/es?s={search_term_string}"},"query-input":{"@type":"PropertyValueSpecification","valueRequired":true,"valueName":"search_term_string"}}],"inLanguage":"es"},{"@type":"Organization","@id":"https:\/\/stagingelisium.xportsoft-folio.com\/es#organization","name":"Elisium Art","url":"https:\/\/stagingelisium.xportsoft-folio.com\/es","logo":{"@type":"ImageObject","inLanguage":"es","@id":"https:\/\/stagingelisium.xportsoft-folio.com\/es#\/schema\/logo\/image\/","url":"https:\/\/elisium.art\/wp-content\/uploads\/2025\/09\/Elisium-Art-Logo-Transparent.png","contentUrl":"https:\/\/elisium.art\/wp-content\/uploads\/2025\/09\/Elisium-Art-Logo-Transparent.png","width":1731,"height":1656,"caption":"Elisium Art"},"image":{"@id":"https:\/\/stagingelisium.xportsoft-folio.com\/es#\/schema\/logo\/image\/"},"sameAs":["https:\/\/www.facebook.com\/profile.php?id=61569435336671","https:\/\/www.instagram.com\/elisium.art.official","https:\/\/www.youtube.com\/@Elisium.Art.Official"]}]},"product_price_amount":"8460","product_price_currency":"USD","og_availability":"instock","product_availability":"instock","product_condition":"new"},"_links":{"self":[{"href":"https:\/\/stagingelisium.xportsoft-folio.com\/es\/wp-json\/wp\/v2\/product\/21432"}],"collection":[{"href":"https:\/\/stagingelisium.xportsoft-folio.com\/es\/wp-json\/wp\/v2\/product"}],"about":[{"href":"https:\/\/stagingelisium.xportsoft-folio.com\/es\/wp-json\/wp\/v2\/types\/product"}],"wp:featuredmedia":[{"embeddable":true,"href":"https:\/\/stagingelisium.xportsoft-folio.com\/es\/wp-json\/wp\/v2\/media\/21430"}],"wp:attachment":[{"href":"https:\/\/stagingelisium.xportsoft-folio.com\/es\/wp-json\/wp\/v2\/media?parent=21432"}],"wp:term":[{"taxonomy":"product_cat","embeddable":true,"href":"https:\/\/stagingelisium.xportsoft-folio.com\/es\/wp-json\/wp\/v2\/product_cat?post=21432"},{"taxonomy":"product_tag","embeddable":true,"href":"https:\/\/stagingelisium.xportsoft-folio.com\/es\/wp-json\/wp\/v2\/product_tag?post=21432"}],"curies":[{"name":"wp","href":"https:\/\/api.w.org\/{rel}","templated":true}]}}