{"id":21496,"date":"2025-10-21T04:20:02","date_gmt":"2025-10-21T04:20:02","guid":{"rendered":"https:\/\/elisium.art\/painting\/claudiadelgado-rojas\/mas-alla-de-la-dualidad"},"modified":"2025-10-21T04:20:03","modified_gmt":"2025-10-21T04:20:03","slug":"mas-alla-de-la-dualidad","status":"publish","type":"product","link":"https:\/\/stagingelisium.xportsoft-folio.com\/es\/painting\/claudiadelgado-rojas\/mas-alla-de-la-dualidad","title":{"rendered":"M\u00e1s all\u00e1 de la dualidad"},"content":{"rendered":"<p>A masterful explosion of vibrant energy, this contemporary painting captivates with its dynamic interplay of color, texture, and form. This original acrylic on canvas measures a versatile size: 70X50 (Height\/Width) in cm. Its composition is built upon a foundation of geometric abstraction, where bold blocks of sun-drenched yellow, tranquil turquoise, and verdant green create a structured yet lively background. This ordered world is joyfully disrupted by spontaneous, calligraphic lines that dance across the surface. Thick, gestural strokes of fiery orange, deep black, and crisp white drip and weave with expressive freedom, suggesting a language of pure emotion. The textured paint adds tangible depth, inviting inspection of its intricate layers. From the assertive black forms to the delicate splatters, each element contributes to a harmonious composition. This artwork is a perfect statement piece for modern decor, fitting seamlessly into the Abstract and Geometry categories. Its compelling visual narrative makes it a must-have for art lovers. The relevant tags for this piece include modern wall art, colorful abstract, and textured painting. This unique artwork from the Ninguno category promises to invigorate any interior with its bold, contemporary aesthetic and balanced chaos.<\/p>\n","protected":false},"excerpt":{"rendered":"<p>A masterful explosion of vibrant energy, this contemporary painting captivates with its dynamic interplay of color, texture, and form. This original acrylic on canvas measures a versatile size: 70X50 (Height\/Width) in cm. Its composition is built upon a foundation of geometric abstraction, where bold blocks of sun-drenched yellow, tranquil turquoise, and verdant green create a [&hellip;]<\/p>\n","protected":false},"featured_media":21494,"template":"","meta":{"_acf_changed":false},"product_cat":[1198,563,90,70,407],"product_tag":[4015,4036,2974,3029,3269],"class_list":{"0":"post-21496","1":"product","2":"type-product","3":"status-publish","4":"has-post-thumbnail","6":"product_cat-geometry","7":"product_cat-canvas","8":"product_cat-abstract","9":"product_cat-acrylic","10":"product_cat-yellow","11":"product_tag-amarillo","12":"product_tag-arte-abastracto","13":"product_tag-arte-moderno","14":"product_tag-azul","15":"product_tag-verde","16":"yith_shop_vendor-claudiadelgado-rojas","18":"first","19":"instock","20":"sold-individually","21":"shipping-taxable","22":"purchasable","23":"product-type-simple","24":"add-to-wishlist-after_add_to_cart"},"acf":[],"yoast_head":"<!-- This site is optimized with the Yoast SEO Premium plugin v25.4 (Yoast SEO v25.4) - https:\/\/yoast.com\/wordpress\/plugins\/seo\/ -->\n<title>M\u00e1s all\u00e1 de la dualidad Painting | Elisium Art<\/title>\n<meta name=\"description\" content=\"Discover M\u00e1s all\u00e1 de la dualidad, a captivating painting. Shop now at Elisium Art and bring this unique piece into your collection.\" \/>\n<meta name=\"robots\" content=\"noindex, follow, max-snippet:-1, max-image-preview:large, max-video-preview:-1\" \/>\n<meta property=\"og:locale\" content=\"es_ES\" \/>\n<meta property=\"og:type\" content=\"article\" \/>\n<meta property=\"og:title\" content=\"M\u00e1s all\u00e1 de la dualidad\" \/>\n<meta property=\"og:description\" content=\"Discover M\u00e1s all\u00e1 de la dualidad, a captivating painting. Shop now at Elisium Art and bring this unique piece into your collection.\" \/>\n<meta property=\"og:url\" content=\"https:\/\/stagingelisium.xportsoft-folio.com\/es\/painting\/claudiadelgado-rojas\/mas-alla-de-la-dualidad\" \/>\n<meta property=\"og:site_name\" content=\"Elisium Art\" \/>\n<meta property=\"article:publisher\" content=\"https:\/\/www.facebook.com\/profile.php?id=61569435336671\" \/>\n<meta property=\"article:modified_time\" content=\"2025-10-21T04:20:03+00:00\" \/>\n<meta property=\"og:image\" content=\"https:\/\/stagingelisium.xportsoft-folio.com\/wp-content\/uploads\/2025\/10\/cropped-image-409.jpg\" \/>\n\t<meta property=\"og:image:width\" content=\"1080\" \/>\n\t<meta property=\"og:image:height\" content=\"1515\" \/>\n\t<meta property=\"og:image:type\" content=\"image\/jpeg\" \/>\n<meta name=\"twitter:card\" content=\"summary_large_image\" \/>\n<meta name=\"twitter:label1\" content=\"Precio\" \/>\n\t<meta name=\"twitter:data1\" content=\"&#036;540\" \/>\n\t<meta name=\"twitter:label2\" content=\"Disponibilidad\" \/>\n\t<meta name=\"twitter:data2\" content=\"Disponible\" \/>\n<script type=\"application\/ld+json\" class=\"yoast-schema-graph\">{\"@context\":\"https:\/\/schema.org\",\"@graph\":[{\"@type\":\"WebPage\",\"@id\":\"https:\/\/stagingelisium.xportsoft-folio.com\/es\/painting\/claudiadelgado-rojas\/mas-alla-de-la-dualidad\",\"url\":\"https:\/\/stagingelisium.xportsoft-folio.com\/es\/painting\/claudiadelgado-rojas\/mas-alla-de-la-dualidad\",\"name\":\"M\u00e1s all\u00e1 de la dualidad Painting | Elisium Art\",\"isPartOf\":{\"@id\":\"https:\/\/stagingelisium.xportsoft-folio.com\/es#website\"},\"primaryImageOfPage\":{\"@id\":\"https:\/\/stagingelisium.xportsoft-folio.com\/es\/painting\/claudiadelgado-rojas\/mas-alla-de-la-dualidad#primaryimage\"},\"image\":{\"@id\":\"https:\/\/stagingelisium.xportsoft-folio.com\/es\/painting\/claudiadelgado-rojas\/mas-alla-de-la-dualidad#primaryimage\"},\"thumbnailUrl\":\"https:\/\/stagingelisium.xportsoft-folio.com\/wp-content\/uploads\/2025\/10\/cropped-image-409.jpg\",\"datePublished\":\"2025-10-21T04:20:02+00:00\",\"dateModified\":\"2025-10-21T04:20:03+00:00\",\"description\":\"Discover M\u00e1s all\u00e1 de la dualidad, a captivating painting. Shop now at Elisium Art and bring this unique piece into your collection.\",\"breadcrumb\":{\"@id\":\"https:\/\/stagingelisium.xportsoft-folio.com\/es\/painting\/claudiadelgado-rojas\/mas-alla-de-la-dualidad#breadcrumb\"},\"inLanguage\":\"es\",\"potentialAction\":[{\"@type\":\"ReadAction\",\"target\":[\"https:\/\/stagingelisium.xportsoft-folio.com\/es\/painting\/claudiadelgado-rojas\/mas-alla-de-la-dualidad\"]}]},{\"@type\":\"ImageObject\",\"inLanguage\":\"es\",\"@id\":\"https:\/\/stagingelisium.xportsoft-folio.com\/es\/painting\/claudiadelgado-rojas\/mas-alla-de-la-dualidad#primaryimage\",\"url\":\"https:\/\/stagingelisium.xportsoft-folio.com\/wp-content\/uploads\/2025\/10\/cropped-image-409.jpg\",\"contentUrl\":\"https:\/\/stagingelisium.xportsoft-folio.com\/wp-content\/uploads\/2025\/10\/cropped-image-409.jpg\",\"width\":1080,\"height\":1515},{\"@type\":\"BreadcrumbList\",\"@id\":\"https:\/\/stagingelisium.xportsoft-folio.com\/es\/painting\/claudiadelgado-rojas\/mas-alla-de-la-dualidad#breadcrumb\",\"itemListElement\":[{\"@type\":\"ListItem\",\"position\":1,\"name\":\"Home\",\"item\":\"https:\/\/stagingelisium.xportsoft-folio.com\/es\/\"},{\"@type\":\"ListItem\",\"position\":2,\"name\":\"Paintings\",\"item\":\"https:\/\/stagingelisium.xportsoft-folio.com\/es\/paintings\/\"},{\"@type\":\"ListItem\",\"position\":3,\"name\":\"M\u00e1s all\u00e1 de la dualidad\"}]},{\"@type\":\"WebSite\",\"@id\":\"https:\/\/stagingelisium.xportsoft-folio.com\/es#website\",\"url\":\"https:\/\/stagingelisium.xportsoft-folio.com\/es\",\"name\":\"Elisium Art\",\"description\":\"\",\"publisher\":{\"@id\":\"https:\/\/stagingelisium.xportsoft-folio.com\/es#organization\"},\"potentialAction\":[{\"@type\":\"SearchAction\",\"target\":{\"@type\":\"EntryPoint\",\"urlTemplate\":\"https:\/\/stagingelisium.xportsoft-folio.com\/es?s={search_term_string}\"},\"query-input\":{\"@type\":\"PropertyValueSpecification\",\"valueRequired\":true,\"valueName\":\"search_term_string\"}}],\"inLanguage\":\"es\"},{\"@type\":\"Organization\",\"@id\":\"https:\/\/stagingelisium.xportsoft-folio.com\/es#organization\",\"name\":\"Elisium Art\",\"url\":\"https:\/\/stagingelisium.xportsoft-folio.com\/es\",\"logo\":{\"@type\":\"ImageObject\",\"inLanguage\":\"es\",\"@id\":\"https:\/\/stagingelisium.xportsoft-folio.com\/es#\/schema\/logo\/image\/\",\"url\":\"https:\/\/elisium.art\/wp-content\/uploads\/2025\/09\/Elisium-Art-Logo-Transparent.png\",\"contentUrl\":\"https:\/\/elisium.art\/wp-content\/uploads\/2025\/09\/Elisium-Art-Logo-Transparent.png\",\"width\":1731,\"height\":1656,\"caption\":\"Elisium Art\"},\"image\":{\"@id\":\"https:\/\/stagingelisium.xportsoft-folio.com\/es#\/schema\/logo\/image\/\"},\"sameAs\":[\"https:\/\/www.facebook.com\/profile.php?id=61569435336671\",\"https:\/\/www.instagram.com\/elisium.art.official\",\"https:\/\/www.youtube.com\/@Elisium.Art.Official\"]}]}<\/script>\n<meta property=\"product:price:amount\" content=\"540\" \/>\n<meta property=\"product:price:currency\" content=\"USD\" \/>\n<meta property=\"og:availability\" content=\"instock\" \/>\n<meta property=\"product:availability\" content=\"instock\" \/>\n<meta property=\"product:condition\" content=\"new\" \/>\n<!-- \/ Yoast SEO Premium plugin. -->","yoast_head_json":{"title":"M\u00e1s all\u00e1 de la dualidad Painting | Elisium Art","description":"Discover M\u00e1s all\u00e1 de la dualidad, a captivating painting. Shop now at Elisium Art and bring this unique piece into your collection.","robots":{"index":"noindex","follow":"follow","max-snippet":"max-snippet:-1","max-image-preview":"max-image-preview:large","max-video-preview":"max-video-preview:-1"},"og_locale":"es_ES","og_type":"article","og_title":"M\u00e1s all\u00e1 de la dualidad","og_description":"Discover M\u00e1s all\u00e1 de la dualidad, a captivating painting. Shop now at Elisium Art and bring this unique piece into your collection.","og_url":"https:\/\/stagingelisium.xportsoft-folio.com\/es\/painting\/claudiadelgado-rojas\/mas-alla-de-la-dualidad","og_site_name":"Elisium Art","article_publisher":"https:\/\/www.facebook.com\/profile.php?id=61569435336671","article_modified_time":"2025-10-21T04:20:03+00:00","og_image":[{"width":1080,"height":1515,"url":"https:\/\/stagingelisium.xportsoft-folio.com\/wp-content\/uploads\/2025\/10\/cropped-image-409.jpg","type":"image\/jpeg"}],"twitter_card":"summary_large_image","twitter_misc":{"Precio":"&#36;540","Disponibilidad":"Disponible"},"schema":{"@context":"https:\/\/schema.org","@graph":[{"@type":"WebPage","@id":"https:\/\/stagingelisium.xportsoft-folio.com\/es\/painting\/claudiadelgado-rojas\/mas-alla-de-la-dualidad","url":"https:\/\/stagingelisium.xportsoft-folio.com\/es\/painting\/claudiadelgado-rojas\/mas-alla-de-la-dualidad","name":"M\u00e1s all\u00e1 de la dualidad Painting | Elisium Art","isPartOf":{"@id":"https:\/\/stagingelisium.xportsoft-folio.com\/es#website"},"primaryImageOfPage":{"@id":"https:\/\/stagingelisium.xportsoft-folio.com\/es\/painting\/claudiadelgado-rojas\/mas-alla-de-la-dualidad#primaryimage"},"image":{"@id":"https:\/\/stagingelisium.xportsoft-folio.com\/es\/painting\/claudiadelgado-rojas\/mas-alla-de-la-dualidad#primaryimage"},"thumbnailUrl":"https:\/\/stagingelisium.xportsoft-folio.com\/wp-content\/uploads\/2025\/10\/cropped-image-409.jpg","datePublished":"2025-10-21T04:20:02+00:00","dateModified":"2025-10-21T04:20:03+00:00","description":"Discover M\u00e1s all\u00e1 de la dualidad, a captivating painting. Shop now at Elisium Art and bring this unique piece into your collection.","breadcrumb":{"@id":"https:\/\/stagingelisium.xportsoft-folio.com\/es\/painting\/claudiadelgado-rojas\/mas-alla-de-la-dualidad#breadcrumb"},"inLanguage":"es","potentialAction":[{"@type":"ReadAction","target":["https:\/\/stagingelisium.xportsoft-folio.com\/es\/painting\/claudiadelgado-rojas\/mas-alla-de-la-dualidad"]}]},{"@type":"ImageObject","inLanguage":"es","@id":"https:\/\/stagingelisium.xportsoft-folio.com\/es\/painting\/claudiadelgado-rojas\/mas-alla-de-la-dualidad#primaryimage","url":"https:\/\/stagingelisium.xportsoft-folio.com\/wp-content\/uploads\/2025\/10\/cropped-image-409.jpg","contentUrl":"https:\/\/stagingelisium.xportsoft-folio.com\/wp-content\/uploads\/2025\/10\/cropped-image-409.jpg","width":1080,"height":1515},{"@type":"BreadcrumbList","@id":"https:\/\/stagingelisium.xportsoft-folio.com\/es\/painting\/claudiadelgado-rojas\/mas-alla-de-la-dualidad#breadcrumb","itemListElement":[{"@type":"ListItem","position":1,"name":"Home","item":"https:\/\/stagingelisium.xportsoft-folio.com\/es\/"},{"@type":"ListItem","position":2,"name":"Paintings","item":"https:\/\/stagingelisium.xportsoft-folio.com\/es\/paintings\/"},{"@type":"ListItem","position":3,"name":"M\u00e1s all\u00e1 de la dualidad"}]},{"@type":"WebSite","@id":"https:\/\/stagingelisium.xportsoft-folio.com\/es#website","url":"https:\/\/stagingelisium.xportsoft-folio.com\/es","name":"Elisium Art","description":"","publisher":{"@id":"https:\/\/stagingelisium.xportsoft-folio.com\/es#organization"},"potentialAction":[{"@type":"SearchAction","target":{"@type":"EntryPoint","urlTemplate":"https:\/\/stagingelisium.xportsoft-folio.com\/es?s={search_term_string}"},"query-input":{"@type":"PropertyValueSpecification","valueRequired":true,"valueName":"search_term_string"}}],"inLanguage":"es"},{"@type":"Organization","@id":"https:\/\/stagingelisium.xportsoft-folio.com\/es#organization","name":"Elisium Art","url":"https:\/\/stagingelisium.xportsoft-folio.com\/es","logo":{"@type":"ImageObject","inLanguage":"es","@id":"https:\/\/stagingelisium.xportsoft-folio.com\/es#\/schema\/logo\/image\/","url":"https:\/\/elisium.art\/wp-content\/uploads\/2025\/09\/Elisium-Art-Logo-Transparent.png","contentUrl":"https:\/\/elisium.art\/wp-content\/uploads\/2025\/09\/Elisium-Art-Logo-Transparent.png","width":1731,"height":1656,"caption":"Elisium Art"},"image":{"@id":"https:\/\/stagingelisium.xportsoft-folio.com\/es#\/schema\/logo\/image\/"},"sameAs":["https:\/\/www.facebook.com\/profile.php?id=61569435336671","https:\/\/www.instagram.com\/elisium.art.official","https:\/\/www.youtube.com\/@Elisium.Art.Official"]}]},"product_price_amount":"540","product_price_currency":"USD","og_availability":"instock","product_availability":"instock","product_condition":"new"},"_links":{"self":[{"href":"https:\/\/stagingelisium.xportsoft-folio.com\/es\/wp-json\/wp\/v2\/product\/21496"}],"collection":[{"href":"https:\/\/stagingelisium.xportsoft-folio.com\/es\/wp-json\/wp\/v2\/product"}],"about":[{"href":"https:\/\/stagingelisium.xportsoft-folio.com\/es\/wp-json\/wp\/v2\/types\/product"}],"wp:featuredmedia":[{"embeddable":true,"href":"https:\/\/stagingelisium.xportsoft-folio.com\/es\/wp-json\/wp\/v2\/media\/21494"}],"wp:attachment":[{"href":"https:\/\/stagingelisium.xportsoft-folio.com\/es\/wp-json\/wp\/v2\/media?parent=21496"}],"wp:term":[{"taxonomy":"product_cat","embeddable":true,"href":"https:\/\/stagingelisium.xportsoft-folio.com\/es\/wp-json\/wp\/v2\/product_cat?post=21496"},{"taxonomy":"product_tag","embeddable":true,"href":"https:\/\/stagingelisium.xportsoft-folio.com\/es\/wp-json\/wp\/v2\/product_tag?post=21496"}],"curies":[{"name":"wp","href":"https:\/\/api.w.org\/{rel}","templated":true}]}}